{"id":693,"date":"2017-09-29T09:18:55","date_gmt":"2017-09-29T12:18:55","guid":{"rendered":"https:\/\/www.margaritamariamilagros.com\/?page_id=693"},"modified":"2023-11-26T12:07:18","modified_gmt":"2023-11-26T17:07:18","slug":"about-her","status":"publish","type":"page","link":"https:\/\/www.margaritamariamilagros.com\/?page_id=693","title":{"rendered":"ABOUT"},"content":{"rendered":"\t\t<div data-elementor-type=\"wp-page\" data-elementor-id=\"693\" class=\"elementor elementor-693\" data-elementor-settings=\"[]\">\n\t\t\t\t\t\t<div class=\"elementor-inner\">\n\t\t\t\t\t\t\t<div class=\"elementor-section-wrap\">\n\t\t\t\t\t\t\t<section class=\"elementor-section elementor-top-section elementor-element elementor-element-ee3090f elementor-section-boxed elementor-section-height-default elementor-section-height-default\" data-id=\"ee3090f\" data-element_type=\"section\">\n\t\t\t\t\t\t<div class=\"elementor-container elementor-column-gap-default\">\n\t\t\t\t\t\t\t<div class=\"elementor-row\">\n\t\t\t\t\t<div class=\"elementor-column elementor-col-100 elementor-top-column elementor-element elementor-element-67b0b05\" data-id=\"67b0b05\" data-element_type=\"column\">\n\t\t\t<div class=\"elementor-column-wrap elementor-element-populated\">\n\t\t\t\t\t\t\t<div class=\"elementor-widget-wrap\">\n\t\t\t\t\t\t<div class=\"elementor-element elementor-element-1a33432 elementor-invisible elementor-widget elementor-widget-image\" data-id=\"1a33432\" data-element_type=\"widget\" data-settings=\"{&quot;_animation&quot;:&quot;none&quot;}\" data-widget_type=\"image.default\">\n\t\t\t\t<div class=\"elementor-widget-container\">\n\t\t\t\t\t<div class=\"elementor-image\">\n\t\t\t\t\t\t\t\t\t\t<img loading=\"lazy\" decoding=\"async\" width=\"300\" height=\"200\" src=\"https:\/\/www.margaritamariamilagros.com\/wp-content\/uploads\/2021\/02\/makingoff-12-300x200.jpg\" class=\"attachment-medium size-medium\" alt=\"\" srcset=\"https:\/\/www.margaritamariamilagros.com\/wp-content\/uploads\/2021\/02\/makingoff-12-300x200.jpg 300w, https:\/\/www.margaritamariamilagros.com\/wp-content\/uploads\/2021\/02\/makingoff-12-1024x683.jpg 1024w, https:\/\/www.margaritamariamilagros.com\/wp-content\/uploads\/2021\/02\/makingoff-12-768x512.jpg 768w, https:\/\/www.margaritamariamilagros.com\/wp-content\/uploads\/2021\/02\/makingoff-12.jpg 1500w\" sizes=\"auto, 100vw\" \/>\t\t\t\t\t\t\t\t\t\t\t<\/div>\n\t\t\t\t<\/div>\n\t\t\t\t<\/div>\n\t\t\t\t\t\t<\/div>\n\t\t\t\t\t<\/div>\n\t\t<\/div>\n\t\t\t\t\t\t\t\t<\/div>\n\t\t\t\t\t<\/div>\n\t\t<\/section>\n\t\t\t\t<section class=\"elementor-section elementor-top-section elementor-element elementor-element-21bbe40 elementor-section-boxed elementor-section-height-default elementor-section-height-default\" data-id=\"21bbe40\" data-element_type=\"section\">\n\t\t\t\t\t\t<div class=\"elementor-container elementor-column-gap-default\">\n\t\t\t\t\t\t\t<div class=\"elementor-row\">\n\t\t\t\t\t<div class=\"elementor-column elementor-col-100 elementor-top-column elementor-element elementor-element-f825b70\" data-id=\"f825b70\" data-element_type=\"column\">\n\t\t\t<div class=\"elementor-column-wrap elementor-element-populated\">\n\t\t\t\t\t\t\t<div class=\"elementor-widget-wrap\">\n\t\t\t\t\t\t<div class=\"elementor-element elementor-element-ba941ec elementor-invisible elementor-widget elementor-widget-text-editor\" data-id=\"ba941ec\" data-element_type=\"widget\" data-settings=\"{&quot;_animation&quot;:&quot;fadeIn&quot;}\" data-widget_type=\"text-editor.default\">\n\t\t\t\t<div class=\"elementor-widget-container\">\n\t\t\t\t\t<div class=\"elementor-text-editor elementor-clearfix\"><p><span style=\"text-align: center; white-space: pre-wrap;\">Margarita Maria Milagros is a Colombian multidisciplinary artist born in Bogot\u00e1. Her mixed background of dance, artistic makeup and stage design serve as a tool to develop her Body Art and performance projects in conventional and non-conventional spaces, focused on the female universe. <\/span><\/p>\n<p><span style=\"text-align: center; white-space: pre-wrap;\">She comes from a family of amateur musicians, craftsmen and professional actors. Her first contact with art began with dance, more specifically, with classical ballet. She started dancing when she was a child in her mother&#8217;s dance school. &nbsp;In her childhood, she was surrounded by many styles of costumes, headdresses, sequins and musical instruments. At the same time she was studying dance, she also studied Interior Design in Bogot\u00e1, Colombia; Set Design and Costumes, and Stage Makeup in S\u00e3o Paulo, Brazil. <\/span><\/p>\n<p><span style=\"text-align: center; white-space: pre-wrap;\">The work inside and outside the scene has led her to explore in her works (<\/span><span style=\"white-space-collapse: preserve;\">photo and video performance, in situ and on stage)<\/span><span style=\"white-space-collapse: preserve; color: var( --e-global-color-text ); letter-spacing: 1.7px;\"> the feminine universe in its tensions between private and public life and between the intimacy of the body and its external presentation. <\/span><\/p>\n<p><span style=\"text-align: center; white-space: pre-wrap;\">Creation, like life, moves between the visible and hidden. It makes it\u2019s best face visible while the less attractive elements often remain hidden. It is these tensions, the passing of time, immigration and sexuality within the daily life of women, that guide her work, while exploring along the way our fears, dreams, fragilities, the exposure of our secrets, what embarrasses us and what gives us pleasure.<\/span><\/p><\/div>\n\t\t\t\t<\/div>\n\t\t\t\t<\/div>\n\t\t\t\t<div class=\"elementor-element elementor-element-cbc40b8 elementor-button-info elementor-align-center elementor-widget elementor-widget-button\" data-id=\"cbc40b8\" data-element_type=\"widget\" data-widget_type=\"button.default\">\n\t\t\t\t<div class=\"elementor-widget-container\">\n\t\t\t\t\t<div class=\"elementor-button-wrapper\">\n\t\t\t<a href=\"https:\/\/www.linkedin.com\/in\/margarita-mar%C3%ADa-milagros-55683833\/\" class=\"elementor-button-link elementor-button elementor-size-sm\" role=\"button\">\n\t\t\t\t\t\t<span class=\"elementor-button-content-wrapper\">\n\t\t\t\t\t\t<span class=\"elementor-button-icon elementor-align-icon-left\">\n\t\t\t\t<i aria-hidden=\"true\" class=\"fab fa-linkedin\"><\/i>\t\t\t<\/span>\n\t\t\t\t\t\t<span class=\"elementor-button-text\">LinkedIn<\/span>\n\t\t<\/span>\n\t\t\t\t\t<\/a>\n\t\t<\/div>\n\t\t\t\t<\/div>\n\t\t\t\t<\/div>\n\t\t\t\t<div class=\"elementor-element elementor-element-6182935 elementor-invisible elementor-widget elementor-widget-text-editor\" data-id=\"6182935\" data-element_type=\"widget\" data-settings=\"{&quot;_animation&quot;:&quot;fadeIn&quot;}\" data-widget_type=\"text-editor.default\">\n\t\t\t\t<div class=\"elementor-widget-container\">\n\t\t\t\t\t<div class=\"elementor-text-editor elementor-clearfix\"><p><br><\/p>\n<p><b><u>Festivals, performances and exhibitions<\/u><\/b><\/p>\n<p><span style=\"white-space: pre-wrap;\">Video performance &#8220;Traces&#8221;:<\/span><\/p>\n<p><span style=\"white-space: pre-wrap;\">Artistic residency and group exhibition in <i>Mango residencia para artistas<\/i> y <i>Les ateliers de cr\u00e9ation et d&#8217;expression artistique<\/i>, Argentine, France (2023).<\/span><\/p>\n<p><span style=\"color: var( --e-global-color-text ); letter-spacing: 1.7px; white-space: pre-wrap;\">Video art \u201cThe Other Side\u201d:<\/span><\/p>\n<p><span style=\"color: var( --e-global-color-text ); letter-spacing: 1.7px; white-space: pre-wrap;\">P<\/span><span style=\"color: var( --e-global-color-text ); letter-spacing: 1.7px; white-space: pre-wrap;\">roject Art.\u00c9cran at <i>Place de la Cr\u00e9ation<\/i>, <\/span><span style=\"color: var( --e-global-color-text ); letter-spacing: 1.7px; white-space: pre-wrap;\">Montreal, Canada (2022) &#8211; Individual exhibition at <i>Foro del centro cultural digital Yilaob<\/i>, <\/span><span style=\"white-space: pre-wrap;\">CDMX, Mexico (2023).<br><\/span><\/p>\n<p><span style=\"white-space: pre-wrap;\">Photo performance &#8220;Being Alone&#8221;:<\/span><\/p>\n<p><span style=\"color: var( --e-global-color-text ); letter-spacing: 1.7px; white-space: pre-wrap;\">Individual exhibition at <i>Foro del centro cultural digital Yilaob<\/i>, <\/span><span style=\"letter-spacing: 1.7px; white-space: pre-wrap;\">CDMX, Mexico (2023).<\/span><span style=\"white-space: pre-wrap;\"><br><\/span><\/p>\n<p style=\"letter-spacing: 1.7px;\"><span style=\"letter-spacing: 1.7px; white-space: pre-wrap;\">Video performance &#8220;Spring Secrets&#8221;:<\/span><\/p>\n<p style=\"\"><span style=\"white-space: pre-wrap;\">13th online edition of<\/span><span style=\"letter-spacing: 1.7px; white-space: pre-wrap;\"> \u201cVis\u00f5es Urbanas\u201d Festival (<\/span><span style=\"white-space: pre-wrap;\">International festival of dance in urban landscapes<\/span>), Sao Paulo, Brazil (<span style=\"letter-spacing: 1.7px; white-space: pre-wrap; color: var( --e-global-color-text );\">2021) &#8211; P<\/span><span style=\"letter-spacing: 1.7px; white-space: pre-wrap; color: var( --e-global-color-text );\">roject <i>Art.\u00c9cran<\/i> at <i>Place de la Cr\u00e9ation<\/i>, <\/span><span style=\"letter-spacing: 1.7px; white-space: pre-wrap; color: var( --e-global-color-text );\">Montreal, Canada (2022).<\/span><\/p>\n<p style=\"letter-spacing: 1.7px;\"><span style=\"white-space: pre-wrap;\">Dance-theater  \u201cYesterday\u201d :<\/span><\/p>\n<p style=\"letter-spacing: 1.7px;\"><span style=\"white-space: pre-wrap; color: var( --e-global-color-text ); letter-spacing: 1.7px;\"><i>La Fuente<\/i> (Artistic Laboratory<\/span><span style=\"white-space: pre-wrap; color: var( --e-global-color-text ); letter-spacing: 1.7px;\">), <i>Teatro Sala Seki Sano  and<\/i> <i>La Otra Guarida<\/i> (cultural center), en Bogot\u00e1, Colombia &#8211; Festival<\/span><span style=\"white-space: pre-wrap; color: var( --e-global-color-text ); letter-spacing: 1.7px;\"> \u201cExperiments in Cinema\u201d de Basement Films, edici\u00f3n online, <\/span><span style=\"white-space: pre-wrap; color: var( --e-global-color-text ); letter-spacing: 1.7px;\">Alburquerque, Nuevo M\u00e9xico, USA (2021).<\/span><\/p>\n<p style=\"letter-spacing: 1.7px;\"><span style=\"white-space: pre-wrap; color: var( --e-global-color-text ); letter-spacing: 1.7px;\">Photo performance \u201cDaydreaming\u201d:<\/span><\/p>\n<p style=\"letter-spacing: 1.7px;\"><span style=\"color: var( --e-global-color-text ); letter-spacing: 1.7px; white-space: pre-wrap;\">\u201cExperiments in Cinema\u201d festival, Basement Films, online edition, <\/span><span style=\"color: var( --e-global-color-text ); letter-spacing: 1.7px; white-space: pre-wrap;\">Alburquerque, New Mexico, USA (2021).<\/span><\/p>\n<p style=\"letter-spacing: 1.7px;\"><span style=\"white-space: pre-wrap;\">Video-performance \u201cNeedle and Thread\u201d:<\/span><\/p>\n<p><span style=\"white-space: pre-wrap;\">3rd edition of<\/span><span style=\"letter-spacing: 1.7px; white-space: pre-wrap; color: var( --e-global-color-text );\"> <\/span><span style=\"letter-spacing: 1.7px; white-space: pre-wrap; color: var( --e-global-color-text );\"><i>\u201cOcupa\u00e7\u00e3o Ov\u00e1rias\u201d<\/i> Rio de Janeiro, Brazil (2018) &#8211; <\/span><span style=\"white-space: pre-wrap;\">8th International Video Art Festival<\/span><span style=\"color: var( --e-global-color-text ); letter-spacing: 1.7px; white-space: pre-wrap;\">, <\/span><span style=\"color: var( --e-global-color-text ); letter-spacing: 1.7px; white-space: pre-wrap;\">Camag\u00fcey, Cuba &#8211; XXVIII <i>Mujeres en Escena por la Paz<\/i> festival &#8211; Bogot\u00e1, Colombia (2019).<\/span><\/p><\/div>\n\t\t\t\t<\/div>\n\t\t\t\t<\/div>\n\t\t\t\t\t\t<\/div>\n\t\t\t\t\t<\/div>\n\t\t<\/div>\n\t\t\t\t\t\t\t\t<\/div>\n\t\t\t\t\t<\/div>\n\t\t<\/section>\n\t\t\t\t\t\t<\/div>\n\t\t\t\t\t\t<\/div>\n\t\t\t\t\t<\/div>\n\t\t","protected":false},"excerpt":{"rendered":"<p>Margarita Maria Milagros is a Colombian multidisciplinary artist born in Bogot\u00e1. Her mixed background of dance, artistic makeup and stage design serve as a tool to develop her Body Art and performance projects in conventional and non-conventional spaces, focused on the female universe. She comes from a family of amateur musicians, craftsmen and professional actors. &hellip; <\/p>\n<p class=\"link-more\"><a href=\"https:\/\/www.margaritamariamilagros.com\/?page_id=693\" class=\"more-link\">Continue reading<span class=\"screen-reader-text\"> &#8220;ABOUT&#8221;<\/span><\/a><\/p>\n","protected":false},"author":1,"featured_media":0,"parent":0,"menu_order":0,"comment_status":"closed","ping_status":"closed","template":"","meta":{"footnotes":""},"class_list":["post-693","page","type-page","status-publish","hentry"],"_links":{"self":[{"href":"https:\/\/www.margaritamariamilagros.com\/index.php?rest_route=\/wp\/v2\/pages\/693","targetHints":{"allow":["GET"]}}],"collection":[{"href":"https:\/\/www.margaritamariamilagros.com\/index.php?rest_route=\/wp\/v2\/pages"}],"about":[{"href":"https:\/\/www.margaritamariamilagros.com\/index.php?rest_route=\/wp\/v2\/types\/page"}],"author":[{"embeddable":true,"href":"https:\/\/www.margaritamariamilagros.com\/index.php?rest_route=\/wp\/v2\/users\/1"}],"replies":[{"embeddable":true,"href":"https:\/\/www.margaritamariamilagros.com\/index.php?rest_route=%2Fwp%2Fv2%2Fcomments&post=693"}],"version-history":[{"count":5,"href":"https:\/\/www.margaritamariamilagros.com\/index.php?rest_route=\/wp\/v2\/pages\/693\/revisions"}],"predecessor-version":[{"id":2101,"href":"https:\/\/www.margaritamariamilagros.com\/index.php?rest_route=\/wp\/v2\/pages\/693\/revisions\/2101"}],"wp:attachment":[{"href":"https:\/\/www.margaritamariamilagros.com\/index.php?rest_route=%2Fwp%2Fv2%2Fmedia&parent=693"}],"curies":[{"name":"wp","href":"https:\/\/api.w.org\/{rel}","templated":true}]}}