{"id":1853,"date":"2021-12-27T18:47:33","date_gmt":"2021-12-27T21:47:33","guid":{"rendered":"https:\/\/www.margaritamariamilagros.com\/?page_id=1853"},"modified":"2022-10-03T21:06:07","modified_gmt":"2022-10-04T00:06:07","slug":"spring-series","status":"publish","type":"page","link":"https:\/\/www.margaritamariamilagros.com\/?page_id=1853","title":{"rendered":"Spring Series"},"content":{"rendered":"\t\t<div data-elementor-type=\"wp-page\" data-elementor-id=\"1853\" class=\"elementor elementor-1853\" data-elementor-settings=\"[]\">\n\t\t\t\t\t\t<div class=\"elementor-inner\">\n\t\t\t\t\t\t\t<div class=\"elementor-section-wrap\">\n\t\t\t\t\t\t\t<section class=\"elementor-section elementor-top-section elementor-element elementor-element-b6012c6 elementor-section-boxed elementor-section-height-default elementor-section-height-default\" data-id=\"b6012c6\" data-element_type=\"section\">\n\t\t\t\t\t\t<div class=\"elementor-container elementor-column-gap-default\">\n\t\t\t\t\t\t\t<div class=\"elementor-row\">\n\t\t\t\t\t<div class=\"elementor-column elementor-col-100 elementor-top-column elementor-element elementor-element-09be2e9\" data-id=\"09be2e9\" data-element_type=\"column\">\n\t\t\t<div class=\"elementor-column-wrap elementor-element-populated\">\n\t\t\t\t\t\t\t<div class=\"elementor-widget-wrap\">\n\t\t\t\t\t\t<div class=\"elementor-element elementor-element-370922f elementor-widget elementor-widget-image-gallery\" data-id=\"370922f\" data-element_type=\"widget\" data-widget_type=\"image-gallery.default\">\n\t\t\t\t<div class=\"elementor-widget-container\">\n\t\t\t\t\t<div class=\"elementor-image-gallery\">\n\t\t\t<div id='gallery-1' class='gallery galleryid-1853 gallery-columns-2 gallery-size-medium'><figure class='gallery-item'>\n\t\t\t<div class='gallery-icon landscape'>\n\t\t\t\t<a data-elementor-open-lightbox=\"yes\" data-elementor-lightbox-slideshow=\"370922f\" href='https:\/\/www.margaritamariamilagros.com\/wp-content\/uploads\/2017\/10\/DSCN7113-nueva.jpg'><img loading=\"lazy\" decoding=\"async\" width=\"300\" height=\"246\" src=\"https:\/\/www.margaritamariamilagros.com\/wp-content\/uploads\/2017\/10\/DSCN7113-nueva-300x246.jpg\" class=\"attachment-medium size-medium\" alt=\"\" srcset=\"https:\/\/www.margaritamariamilagros.com\/wp-content\/uploads\/2017\/10\/DSCN7113-nueva-300x246.jpg 300w, https:\/\/www.margaritamariamilagros.com\/wp-content\/uploads\/2017\/10\/DSCN7113-nueva-768x630.jpg 768w, https:\/\/www.margaritamariamilagros.com\/wp-content\/uploads\/2017\/10\/DSCN7113-nueva.jpg 1000w\" sizes=\"auto, 100vw\" \/><\/a>\n\t\t\t<\/div><\/figure><figure class='gallery-item'>\n\t\t\t<div class='gallery-icon landscape'>\n\t\t\t\t<a data-elementor-open-lightbox=\"yes\" data-elementor-lightbox-slideshow=\"370922f\" href='https:\/\/www.margaritamariamilagros.com\/wp-content\/uploads\/2017\/10\/DSCN7123-nueva-1.jpg'><img loading=\"lazy\" decoding=\"async\" width=\"300\" height=\"229\" src=\"https:\/\/www.margaritamariamilagros.com\/wp-content\/uploads\/2017\/10\/DSCN7123-nueva-1-300x229.jpg\" class=\"attachment-medium size-medium\" alt=\"\" srcset=\"https:\/\/www.margaritamariamilagros.com\/wp-content\/uploads\/2017\/10\/DSCN7123-nueva-1-300x229.jpg 300w, https:\/\/www.margaritamariamilagros.com\/wp-content\/uploads\/2017\/10\/DSCN7123-nueva-1-768x587.jpg 768w, https:\/\/www.margaritamariamilagros.com\/wp-content\/uploads\/2017\/10\/DSCN7123-nueva-1.jpg 1000w\" sizes=\"auto, 100vw\" \/><\/a>\n\t\t\t<\/div><\/figure>\n\t\t<\/div>\n\t\t<\/div>\n\t\t\t\t<\/div>\n\t\t\t\t<\/div>\n\t\t\t\t\t\t<\/div>\n\t\t\t\t\t<\/div>\n\t\t<\/div>\n\t\t\t\t\t\t\t\t<\/div>\n\t\t\t\t\t<\/div>\n\t\t<\/section>\n\t\t\t\t<section class=\"elementor-section elementor-top-section elementor-element elementor-element-74a5220 elementor-section-boxed elementor-section-height-default elementor-section-height-default\" data-id=\"74a5220\" data-element_type=\"section\">\n\t\t\t\t\t\t<div class=\"elementor-container elementor-column-gap-default\">\n\t\t\t\t\t\t\t<div class=\"elementor-row\">\n\t\t\t\t\t<div class=\"elementor-column elementor-col-100 elementor-top-column elementor-element elementor-element-35a89ae\" data-id=\"35a89ae\" data-element_type=\"column\">\n\t\t\t<div class=\"elementor-column-wrap elementor-element-populated\">\n\t\t\t\t\t\t\t<div class=\"elementor-widget-wrap\">\n\t\t\t\t\t\t<div class=\"elementor-element elementor-element-7d05a04 elementor-widget elementor-widget-text-editor\" data-id=\"7d05a04\" data-element_type=\"widget\" data-widget_type=\"text-editor.default\">\n\t\t\t\t<div class=\"elementor-widget-container\">\n\t\t\t\t\t<div class=\"elementor-text-editor elementor-clearfix\"><p><i>SPRING I<\/i><\/p><p>Photos by: Juan Kiroga \/ Photo Editing by: Jos\u00e9 O. Hern\u00e1ndez @joseoriolh \/ Utrecht, Holanda, 2017.<\/p><\/div>\n\t\t\t\t<\/div>\n\t\t\t\t<\/div>\n\t\t\t\t\t\t<\/div>\n\t\t\t\t\t<\/div>\n\t\t<\/div>\n\t\t\t\t\t\t\t\t<\/div>\n\t\t\t\t\t<\/div>\n\t\t<\/section>\n\t\t\t\t<section class=\"elementor-section elementor-top-section elementor-element elementor-element-c10181a elementor-section-boxed elementor-section-height-default elementor-section-height-default\" data-id=\"c10181a\" data-element_type=\"section\">\n\t\t\t\t\t\t<div class=\"elementor-container elementor-column-gap-default\">\n\t\t\t\t\t\t\t<div class=\"elementor-row\">\n\t\t\t\t\t<div class=\"elementor-column elementor-col-100 elementor-top-column elementor-element elementor-element-a49f463\" data-id=\"a49f463\" data-element_type=\"column\">\n\t\t\t<div class=\"elementor-column-wrap elementor-element-populated\">\n\t\t\t\t\t\t\t<div class=\"elementor-widget-wrap\">\n\t\t\t\t\t\t<div class=\"elementor-element elementor-element-069dd32 elementor-widget elementor-widget-image-gallery\" data-id=\"069dd32\" data-element_type=\"widget\" data-widget_type=\"image-gallery.default\">\n\t\t\t\t<div class=\"elementor-widget-container\">\n\t\t\t\t\t<div class=\"elementor-image-gallery\">\n\t\t\t<div id='gallery-2' class='gallery galleryid-1853 gallery-columns-3 gallery-size-medium'><figure class='gallery-item'>\n\t\t\t<div class='gallery-icon landscape'>\n\t\t\t\t<a data-elementor-open-lightbox=\"yes\" data-elementor-lightbox-slideshow=\"069dd32\" href='https:\/\/www.margaritamariamilagros.com\/wp-content\/uploads\/2017\/10\/FSCN7206-nueva.jpg'><img loading=\"lazy\" decoding=\"async\" width=\"300\" height=\"234\" src=\"https:\/\/www.margaritamariamilagros.com\/wp-content\/uploads\/2017\/10\/FSCN7206-nueva-300x234.jpg\" class=\"attachment-medium size-medium\" alt=\"\" srcset=\"https:\/\/www.margaritamariamilagros.com\/wp-content\/uploads\/2017\/10\/FSCN7206-nueva-300x234.jpg 300w, https:\/\/www.margaritamariamilagros.com\/wp-content\/uploads\/2017\/10\/FSCN7206-nueva-768x598.jpg 768w, https:\/\/www.margaritamariamilagros.com\/wp-content\/uploads\/2017\/10\/FSCN7206-nueva.jpg 998w\" sizes=\"auto, 100vw\" \/><\/a>\n\t\t\t<\/div><\/figure><figure class='gallery-item'>\n\t\t\t<div class='gallery-icon landscape'>\n\t\t\t\t<a data-elementor-open-lightbox=\"yes\" data-elementor-lightbox-slideshow=\"069dd32\" href='https:\/\/www.margaritamariamilagros.com\/wp-content\/uploads\/2017\/10\/DSCN7193-nueva.jpg'><img loading=\"lazy\" decoding=\"async\" width=\"300\" height=\"225\" src=\"https:\/\/www.margaritamariamilagros.com\/wp-content\/uploads\/2017\/10\/DSCN7193-nueva-300x225.jpg\" class=\"attachment-medium size-medium\" alt=\"\" srcset=\"https:\/\/www.margaritamariamilagros.com\/wp-content\/uploads\/2017\/10\/DSCN7193-nueva-300x225.jpg 300w, https:\/\/www.margaritamariamilagros.com\/wp-content\/uploads\/2017\/10\/DSCN7193-nueva-768x576.jpg 768w, https:\/\/www.margaritamariamilagros.com\/wp-content\/uploads\/2017\/10\/DSCN7193-nueva.jpg 998w\" sizes=\"auto, 100vw\" \/><\/a>\n\t\t\t<\/div><\/figure><figure class='gallery-item'>\n\t\t\t<div class='gallery-icon landscape'>\n\t\t\t\t<a data-elementor-open-lightbox=\"yes\" data-elementor-lightbox-slideshow=\"069dd32\" href='https:\/\/www.margaritamariamilagros.com\/wp-content\/uploads\/2017\/10\/copy-2-nueva.jpg'><img loading=\"lazy\" decoding=\"async\" width=\"300\" height=\"231\" src=\"https:\/\/www.margaritamariamilagros.com\/wp-content\/uploads\/2017\/10\/copy-2-nueva-300x231.jpg\" class=\"attachment-medium size-medium\" alt=\"\" srcset=\"https:\/\/www.margaritamariamilagros.com\/wp-content\/uploads\/2017\/10\/copy-2-nueva-300x231.jpg 300w, https:\/\/www.margaritamariamilagros.com\/wp-content\/uploads\/2017\/10\/copy-2-nueva-768x591.jpg 768w, https:\/\/www.margaritamariamilagros.com\/wp-content\/uploads\/2017\/10\/copy-2-nueva-1024x788.jpg 1024w, https:\/\/www.margaritamariamilagros.com\/wp-content\/uploads\/2017\/10\/copy-2-nueva.jpg 1066w\" sizes=\"auto, 100vw\" \/><\/a>\n\t\t\t<\/div><\/figure>\n\t\t<\/div>\n\t\t<\/div>\n\t\t\t\t<\/div>\n\t\t\t\t<\/div>\n\t\t\t\t\t\t<\/div>\n\t\t\t\t\t<\/div>\n\t\t<\/div>\n\t\t\t\t\t\t\t\t<\/div>\n\t\t\t\t\t<\/div>\n\t\t<\/section>\n\t\t\t\t<section class=\"elementor-section elementor-top-section elementor-element elementor-element-1f0e145 elementor-section-boxed elementor-section-height-default elementor-section-height-default\" data-id=\"1f0e145\" data-element_type=\"section\">\n\t\t\t\t\t\t<div class=\"elementor-container elementor-column-gap-default\">\n\t\t\t\t\t\t\t<div class=\"elementor-row\">\n\t\t\t\t\t<div class=\"elementor-column elementor-col-100 elementor-top-column elementor-element elementor-element-14f4241\" data-id=\"14f4241\" data-element_type=\"column\">\n\t\t\t<div class=\"elementor-column-wrap elementor-element-populated\">\n\t\t\t\t\t\t\t<div class=\"elementor-widget-wrap\">\n\t\t\t\t\t\t<div class=\"elementor-element elementor-element-e3f7cd8 elementor-widget elementor-widget-text-editor\" data-id=\"e3f7cd8\" data-element_type=\"widget\" data-widget_type=\"text-editor.default\">\n\t\t\t\t<div class=\"elementor-widget-container\">\n\t\t\t\t\t<div class=\"elementor-text-editor elementor-clearfix\"><p><i>SPRING II<\/i><\/p><p>Photos by: Juan Kiroga \/ Photo Editing by: Jos\u00e9 O. Hern\u00e1ndez @joseoriolh \/ Utrecht, Holanda, 2017.<\/p><\/div>\n\t\t\t\t<\/div>\n\t\t\t\t<\/div>\n\t\t\t\t\t\t<\/div>\n\t\t\t\t\t<\/div>\n\t\t<\/div>\n\t\t\t\t\t\t\t\t<\/div>\n\t\t\t\t\t<\/div>\n\t\t<\/section>\n\t\t\t\t<section class=\"elementor-section elementor-top-section elementor-element elementor-element-a417c8e elementor-section-boxed elementor-section-height-default elementor-section-height-default\" data-id=\"a417c8e\" data-element_type=\"section\">\n\t\t\t\t\t\t<div class=\"elementor-container elementor-column-gap-default\">\n\t\t\t\t\t\t\t<div class=\"elementor-row\">\n\t\t\t\t\t<div class=\"elementor-column elementor-col-100 elementor-top-column elementor-element elementor-element-2c5526d\" data-id=\"2c5526d\" data-element_type=\"column\">\n\t\t\t<div class=\"elementor-column-wrap elementor-element-populated\">\n\t\t\t\t\t\t\t<div class=\"elementor-widget-wrap\">\n\t\t\t\t\t\t<div class=\"elementor-element elementor-element-60f8554 elementor-widget elementor-widget-image-gallery\" data-id=\"60f8554\" data-element_type=\"widget\" data-widget_type=\"image-gallery.default\">\n\t\t\t\t<div class=\"elementor-widget-container\">\n\t\t\t\t\t<div class=\"elementor-image-gallery\">\n\t\t\t<div id='gallery-3' class='gallery galleryid-1853 gallery-columns-3 gallery-size-medium'><figure class='gallery-item'>\n\t\t\t<div class='gallery-icon portrait'>\n\t\t\t\t<a data-elementor-open-lightbox=\"yes\" data-elementor-lightbox-slideshow=\"60f8554\" href='https:\/\/www.margaritamariamilagros.com\/wp-content\/uploads\/2017\/10\/Secretos-1.jpg'><img loading=\"lazy\" decoding=\"async\" width=\"225\" height=\"300\" src=\"https:\/\/www.margaritamariamilagros.com\/wp-content\/uploads\/2017\/10\/Secretos-1-225x300.jpg\" class=\"attachment-medium size-medium\" alt=\"\" srcset=\"https:\/\/www.margaritamariamilagros.com\/wp-content\/uploads\/2017\/10\/Secretos-1-225x300.jpg 225w, https:\/\/www.margaritamariamilagros.com\/wp-content\/uploads\/2017\/10\/Secretos-1-768x1024.jpg 768w\" sizes=\"auto, 100vw\" \/><\/a>\n\t\t\t<\/div><\/figure><figure class='gallery-item'>\n\t\t\t<div class='gallery-icon portrait'>\n\t\t\t\t<a data-elementor-open-lightbox=\"yes\" data-elementor-lightbox-slideshow=\"60f8554\" href='https:\/\/www.margaritamariamilagros.com\/wp-content\/uploads\/2017\/10\/Secretos-2.jpg'><img loading=\"lazy\" decoding=\"async\" width=\"207\" height=\"300\" src=\"https:\/\/www.margaritamariamilagros.com\/wp-content\/uploads\/2017\/10\/Secretos-2-207x300.jpg\" class=\"attachment-medium size-medium\" alt=\"\" srcset=\"https:\/\/www.margaritamariamilagros.com\/wp-content\/uploads\/2017\/10\/Secretos-2-207x300.jpg 207w, https:\/\/www.margaritamariamilagros.com\/wp-content\/uploads\/2017\/10\/Secretos-2-768x1116.jpg 768w, https:\/\/www.margaritamariamilagros.com\/wp-content\/uploads\/2017\/10\/Secretos-2-705x1024.jpg 705w\" sizes=\"auto, 100vw\" \/><\/a>\n\t\t\t<\/div><\/figure><figure class='gallery-item'>\n\t\t\t<div class='gallery-icon portrait'>\n\t\t\t\t<a data-elementor-open-lightbox=\"yes\" data-elementor-lightbox-slideshow=\"60f8554\" href='https:\/\/www.margaritamariamilagros.com\/wp-content\/uploads\/2017\/10\/Secretos-4.jpg'><img loading=\"lazy\" decoding=\"async\" width=\"225\" height=\"300\" src=\"https:\/\/www.margaritamariamilagros.com\/wp-content\/uploads\/2017\/10\/Secretos-4-225x300.jpg\" class=\"attachment-medium size-medium\" alt=\"\" srcset=\"https:\/\/www.margaritamariamilagros.com\/wp-content\/uploads\/2017\/10\/Secretos-4-225x300.jpg 225w, https:\/\/www.margaritamariamilagros.com\/wp-content\/uploads\/2017\/10\/Secretos-4-768x1024.jpg 768w\" sizes=\"auto, 100vw\" \/><\/a>\n\t\t\t<\/div><\/figure>\n\t\t<\/div>\n\t\t<\/div>\n\t\t\t\t<\/div>\n\t\t\t\t<\/div>\n\t\t\t\t\t\t<\/div>\n\t\t\t\t\t<\/div>\n\t\t<\/div>\n\t\t\t\t\t\t\t\t<\/div>\n\t\t\t\t\t<\/div>\n\t\t<\/section>\n\t\t\t\t<section class=\"elementor-section elementor-top-section elementor-element elementor-element-4399019 elementor-section-boxed elementor-section-height-default elementor-section-height-default\" data-id=\"4399019\" data-element_type=\"section\">\n\t\t\t\t\t\t<div class=\"elementor-container elementor-column-gap-default\">\n\t\t\t\t\t\t\t<div class=\"elementor-row\">\n\t\t\t\t\t<div class=\"elementor-column elementor-col-100 elementor-top-column elementor-element elementor-element-e0a37b8\" data-id=\"e0a37b8\" data-element_type=\"column\">\n\t\t\t<div class=\"elementor-column-wrap elementor-element-populated\">\n\t\t\t\t\t\t\t<div class=\"elementor-widget-wrap\">\n\t\t\t\t\t\t<div class=\"elementor-element elementor-element-5cc6b56 elementor-widget elementor-widget-text-editor\" data-id=\"5cc6b56\" data-element_type=\"widget\" data-widget_type=\"text-editor.default\">\n\t\t\t\t<div class=\"elementor-widget-container\">\n\t\t\t\t\t<div class=\"elementor-text-editor elementor-clearfix\"><p><i>SPRING SECRETS<\/i><\/p><p>Photos by: Juan Kiroga \/ Photo Editing by: Jos\u00e9 O. Hern\u00e1ndez @joseoriolh \/ Utrecht, Holanda, 2017.<\/p><\/div>\n\t\t\t\t<\/div>\n\t\t\t\t<\/div>\n\t\t\t\t\t\t<\/div>\n\t\t\t\t\t<\/div>\n\t\t<\/div>\n\t\t\t\t\t\t\t\t<\/div>\n\t\t\t\t\t<\/div>\n\t\t<\/section>\n\t\t\t\t<section class=\"elementor-section elementor-top-section elementor-element elementor-element-227a2ae elementor-section-boxed elementor-section-height-default elementor-section-height-default\" data-id=\"227a2ae\" data-element_type=\"section\">\n\t\t\t\t\t\t<div class=\"elementor-container elementor-column-gap-default\">\n\t\t\t\t\t\t\t<div class=\"elementor-row\">\n\t\t\t\t\t<div class=\"elementor-column elementor-col-100 elementor-top-column elementor-element elementor-element-77655e1\" data-id=\"77655e1\" data-element_type=\"column\">\n\t\t\t<div class=\"elementor-column-wrap elementor-element-populated\">\n\t\t\t\t\t\t\t<div class=\"elementor-widget-wrap\">\n\t\t\t\t\t\t<div class=\"elementor-element elementor-element-75baf84 elementor-aspect-ratio-169 elementor-widget elementor-widget-video\" data-id=\"75baf84\" data-element_type=\"widget\" data-settings=\"{&quot;aspect_ratio&quot;:&quot;169&quot;}\" data-widget_type=\"video.default\">\n\t\t\t\t<div class=\"elementor-widget-container\">\n\t\t\t\t\t<div class=\"elementor-wrapper elementor-fit-aspect-ratio elementor-open-inline\">\n\t\t\t<iframe class=\"elementor-video-iframe\" allowfullscreen title=\"youtube Video Player\" src=\"https:\/\/www.youtube.com\/embed\/w_uoCXOZIlY?feature=oembed&amp;start&amp;end&amp;wmode=opaque&amp;loop=0&amp;controls=1&amp;mute=0&amp;rel=0&amp;modestbranding=0\"><\/iframe>\t\t<\/div>\n\t\t\t\t<\/div>\n\t\t\t\t<\/div>\n\t\t\t\t\t\t<\/div>\n\t\t\t\t\t<\/div>\n\t\t<\/div>\n\t\t\t\t\t\t\t\t<\/div>\n\t\t\t\t\t<\/div>\n\t\t<\/section>\n\t\t\t\t<section class=\"elementor-section elementor-top-section elementor-element elementor-element-2a7d7ef elementor-section-boxed elementor-section-height-default elementor-section-height-default\" data-id=\"2a7d7ef\" data-element_type=\"section\">\n\t\t\t\t\t\t<div class=\"elementor-container elementor-column-gap-default\">\n\t\t\t\t\t\t\t<div class=\"elementor-row\">\n\t\t\t\t\t<div class=\"elementor-column elementor-col-100 elementor-top-column elementor-element elementor-element-bbeb73c\" data-id=\"bbeb73c\" data-element_type=\"column\">\n\t\t\t<div class=\"elementor-column-wrap elementor-element-populated\">\n\t\t\t\t\t\t\t<div class=\"elementor-widget-wrap\">\n\t\t\t\t\t\t<div class=\"elementor-element elementor-element-e6afa6b elementor-widget elementor-widget-text-editor\" data-id=\"e6afa6b\" data-element_type=\"widget\" data-widget_type=\"text-editor.default\">\n\t\t\t\t<div class=\"elementor-widget-container\">\n\t\t\t\t\t<div class=\"elementor-text-editor elementor-clearfix\"><p><i>SPRING SECRETS<\/i><\/p>\n<p>Direction, Costume, Editing and Performed by: Margarita Mar\u00eda Milagros\/ Camera and Music by: Juan Kiroga \/Bogot\u00e1, Colombia, 2021\/&nbsp;<span style=\"color: var( --e-global-color-text ); letter-spacing: 1.7px;\">Participation in the exhibition&nbsp;<i>Art.\u00c9cran \u00e0 la Place de la Cr\u00e9ation<\/i>&nbsp;\/<\/span><span style=\"color: var( --e-global-color-text ); letter-spacing: 1.7px;\">&nbsp;Montr\u00e9al, Canad\u00e1, 2022.<\/span><\/p><\/div>\n\t\t\t\t<\/div>\n\t\t\t\t<\/div>\n\t\t\t\t\t\t<\/div>\n\t\t\t\t\t<\/div>\n\t\t<\/div>\n\t\t\t\t\t\t\t\t<\/div>\n\t\t\t\t\t<\/div>\n\t\t<\/section>\n\t\t\t\t\t\t<\/div>\n\t\t\t\t\t\t<\/div>\n\t\t\t\t\t<\/div>\n\t\t","protected":false},"excerpt":{"rendered":"<p>SPRING I Photos by: Juan Kiroga \/ Photo Editing by: Jos\u00e9 O. Hern\u00e1ndez @joseoriolh \/ Utrecht, Holanda, 2017. SPRING II Photos by: Juan Kiroga \/ Photo Editing by: Jos\u00e9 O. Hern\u00e1ndez @joseoriolh \/ Utrecht, Holanda, 2017. SPRING SECRETS Photos by: Juan Kiroga \/ Photo Editing by: Jos\u00e9 O. Hern\u00e1ndez @joseoriolh \/ Utrecht, Holanda, 2017. https:\/\/www.youtube.com\/watch?v=w_uoCXOZIlY &hellip; <\/p>\n<p class=\"link-more\"><a href=\"https:\/\/www.margaritamariamilagros.com\/?page_id=1853\" class=\"more-link\">Continue reading<span class=\"screen-reader-text\"> &#8220;Spring Series&#8221;<\/span><\/a><\/p>\n","protected":false},"author":1,"featured_media":0,"parent":0,"menu_order":0,"comment_status":"closed","ping_status":"closed","template":"","meta":{"footnotes":""},"class_list":["post-1853","page","type-page","status-publish","hentry"],"_links":{"self":[{"href":"https:\/\/www.margaritamariamilagros.com\/index.php?rest_route=\/wp\/v2\/pages\/1853","targetHints":{"allow":["GET"]}}],"collection":[{"href":"https:\/\/www.margaritamariamilagros.com\/index.php?rest_route=\/wp\/v2\/pages"}],"about":[{"href":"https:\/\/www.margaritamariamilagros.com\/index.php?rest_route=\/wp\/v2\/types\/page"}],"author":[{"embeddable":true,"href":"https:\/\/www.margaritamariamilagros.com\/index.php?rest_route=\/wp\/v2\/users\/1"}],"replies":[{"embeddable":true,"href":"https:\/\/www.margaritamariamilagros.com\/index.php?rest_route=%2Fwp%2Fv2%2Fcomments&post=1853"}],"version-history":[{"count":5,"href":"https:\/\/www.margaritamariamilagros.com\/index.php?rest_route=\/wp\/v2\/pages\/1853\/revisions"}],"predecessor-version":[{"id":2020,"href":"https:\/\/www.margaritamariamilagros.com\/index.php?rest_route=\/wp\/v2\/pages\/1853\/revisions\/2020"}],"wp:attachment":[{"href":"https:\/\/www.margaritamariamilagros.com\/index.php?rest_route=%2Fwp%2Fv2%2Fmedia&parent=1853"}],"curies":[{"name":"wp","href":"https:\/\/api.w.org\/{rel}","templated":true}]}}