{"id":1832,"date":"2021-12-27T18:16:11","date_gmt":"2021-12-27T21:16:11","guid":{"rendered":"https:\/\/www.margaritamariamilagros.com\/?page_id=1832"},"modified":"2022-10-03T20:55:02","modified_gmt":"2022-10-03T23:55:02","slug":"primavera","status":"publish","type":"page","link":"https:\/\/www.margaritamariamilagros.com\/?page_id=1832&lang=es","title":{"rendered":"Primavera"},"content":{"rendered":"\t\t<div data-elementor-type=\"wp-page\" data-elementor-id=\"1832\" class=\"elementor elementor-1832\" data-elementor-settings=\"[]\">\n\t\t\t\t\t\t<div class=\"elementor-inner\">\n\t\t\t\t\t\t\t<div class=\"elementor-section-wrap\">\n\t\t\t\t\t\t\t<section class=\"elementor-section elementor-top-section elementor-element elementor-element-6c18abd elementor-section-boxed elementor-section-height-default elementor-section-height-default\" data-id=\"6c18abd\" data-element_type=\"section\">\n\t\t\t\t\t\t<div class=\"elementor-container elementor-column-gap-default\">\n\t\t\t\t\t\t\t<div class=\"elementor-row\">\n\t\t\t\t\t<div class=\"elementor-column elementor-col-100 elementor-top-column elementor-element elementor-element-a5f8b0d\" data-id=\"a5f8b0d\" data-element_type=\"column\">\n\t\t\t<div class=\"elementor-column-wrap elementor-element-populated\">\n\t\t\t\t\t\t\t<div class=\"elementor-widget-wrap\">\n\t\t\t\t\t\t<div class=\"elementor-element elementor-element-d98f042 elementor-widget elementor-widget-image-gallery\" data-id=\"d98f042\" data-element_type=\"widget\" data-widget_type=\"image-gallery.default\">\n\t\t\t\t<div class=\"elementor-widget-container\">\n\t\t\t\t\t<div class=\"elementor-image-gallery\">\n\t\t\t<div id='gallery-1' class='gallery galleryid-1832 gallery-columns-2 gallery-size-medium'><figure class='gallery-item'>\n\t\t\t<div class='gallery-icon landscape'>\n\t\t\t\t<a data-elementor-open-lightbox=\"yes\" data-elementor-lightbox-slideshow=\"d98f042\" href='https:\/\/www.margaritamariamilagros.com\/wp-content\/uploads\/2017\/10\/DSCN7113-nueva.jpg'><img loading=\"lazy\" decoding=\"async\" width=\"300\" height=\"246\" src=\"https:\/\/www.margaritamariamilagros.com\/wp-content\/uploads\/2017\/10\/DSCN7113-nueva-300x246.jpg\" class=\"attachment-medium size-medium\" alt=\"\" srcset=\"https:\/\/www.margaritamariamilagros.com\/wp-content\/uploads\/2017\/10\/DSCN7113-nueva-300x246.jpg 300w, https:\/\/www.margaritamariamilagros.com\/wp-content\/uploads\/2017\/10\/DSCN7113-nueva-768x630.jpg 768w, https:\/\/www.margaritamariamilagros.com\/wp-content\/uploads\/2017\/10\/DSCN7113-nueva.jpg 1000w\" sizes=\"auto, 100vw\" \/><\/a>\n\t\t\t<\/div><\/figure><figure class='gallery-item'>\n\t\t\t<div class='gallery-icon landscape'>\n\t\t\t\t<a data-elementor-open-lightbox=\"yes\" data-elementor-lightbox-slideshow=\"d98f042\" href='https:\/\/www.margaritamariamilagros.com\/wp-content\/uploads\/2017\/10\/DSCN7123-nueva-1.jpg'><img loading=\"lazy\" decoding=\"async\" width=\"300\" height=\"229\" src=\"https:\/\/www.margaritamariamilagros.com\/wp-content\/uploads\/2017\/10\/DSCN7123-nueva-1-300x229.jpg\" class=\"attachment-medium size-medium\" alt=\"\" srcset=\"https:\/\/www.margaritamariamilagros.com\/wp-content\/uploads\/2017\/10\/DSCN7123-nueva-1-300x229.jpg 300w, https:\/\/www.margaritamariamilagros.com\/wp-content\/uploads\/2017\/10\/DSCN7123-nueva-1-768x587.jpg 768w, https:\/\/www.margaritamariamilagros.com\/wp-content\/uploads\/2017\/10\/DSCN7123-nueva-1.jpg 1000w\" sizes=\"auto, 100vw\" \/><\/a>\n\t\t\t<\/div><\/figure>\n\t\t<\/div>\n\t\t<\/div>\n\t\t\t\t<\/div>\n\t\t\t\t<\/div>\n\t\t\t\t\t\t<\/div>\n\t\t\t\t\t<\/div>\n\t\t<\/div>\n\t\t\t\t\t\t\t\t<\/div>\n\t\t\t\t\t<\/div>\n\t\t<\/section>\n\t\t\t\t<section class=\"elementor-section elementor-top-section elementor-element elementor-element-1654ba9 elementor-section-boxed elementor-section-height-default elementor-section-height-default\" data-id=\"1654ba9\" data-element_type=\"section\">\n\t\t\t\t\t\t<div class=\"elementor-container elementor-column-gap-default\">\n\t\t\t\t\t\t\t<div class=\"elementor-row\">\n\t\t\t\t\t<div class=\"elementor-column elementor-col-100 elementor-top-column elementor-element elementor-element-4a1a9e4\" data-id=\"4a1a9e4\" data-element_type=\"column\">\n\t\t\t<div class=\"elementor-column-wrap elementor-element-populated\">\n\t\t\t\t\t\t\t<div class=\"elementor-widget-wrap\">\n\t\t\t\t\t\t<div class=\"elementor-element elementor-element-9892b98 elementor-widget elementor-widget-text-editor\" data-id=\"9892b98\" data-element_type=\"widget\" data-widget_type=\"text-editor.default\">\n\t\t\t\t<div class=\"elementor-widget-container\">\n\t\t\t\t\t<div class=\"elementor-text-editor elementor-clearfix\"><p><i>PRIMAVERA I<\/i><\/p>\n<p>Fotos: Juan Kiroga \/ Edici\u00f3n de fotos: Jos\u00e9 O. Hern\u00e1ndez @joseoriolh \/ Utrecht, Holanda, 2017.<\/p><\/div>\n\t\t\t\t<\/div>\n\t\t\t\t<\/div>\n\t\t\t\t\t\t<\/div>\n\t\t\t\t\t<\/div>\n\t\t<\/div>\n\t\t\t\t\t\t\t\t<\/div>\n\t\t\t\t\t<\/div>\n\t\t<\/section>\n\t\t\t\t<section class=\"elementor-section elementor-top-section elementor-element elementor-element-6a4256e elementor-section-boxed elementor-section-height-default elementor-section-height-default\" data-id=\"6a4256e\" data-element_type=\"section\">\n\t\t\t\t\t\t<div class=\"elementor-container elementor-column-gap-default\">\n\t\t\t\t\t\t\t<div class=\"elementor-row\">\n\t\t\t\t\t<div class=\"elementor-column elementor-col-100 elementor-top-column elementor-element elementor-element-c00ea18\" data-id=\"c00ea18\" data-element_type=\"column\">\n\t\t\t<div class=\"elementor-column-wrap elementor-element-populated\">\n\t\t\t\t\t\t\t<div class=\"elementor-widget-wrap\">\n\t\t\t\t\t\t<div class=\"elementor-element elementor-element-1c7a8b6 elementor-widget elementor-widget-image-gallery\" data-id=\"1c7a8b6\" data-element_type=\"widget\" data-widget_type=\"image-gallery.default\">\n\t\t\t\t<div class=\"elementor-widget-container\">\n\t\t\t\t\t<div class=\"elementor-image-gallery\">\n\t\t\t<div id='gallery-2' class='gallery galleryid-1832 gallery-columns-3 gallery-size-medium'><figure class='gallery-item'>\n\t\t\t<div class='gallery-icon landscape'>\n\t\t\t\t<a data-elementor-open-lightbox=\"yes\" data-elementor-lightbox-slideshow=\"1c7a8b6\" href='https:\/\/www.margaritamariamilagros.com\/wp-content\/uploads\/2017\/10\/FSCN7206-nueva.jpg'><img loading=\"lazy\" decoding=\"async\" width=\"300\" height=\"234\" src=\"https:\/\/www.margaritamariamilagros.com\/wp-content\/uploads\/2017\/10\/FSCN7206-nueva-300x234.jpg\" class=\"attachment-medium size-medium\" alt=\"\" srcset=\"https:\/\/www.margaritamariamilagros.com\/wp-content\/uploads\/2017\/10\/FSCN7206-nueva-300x234.jpg 300w, https:\/\/www.margaritamariamilagros.com\/wp-content\/uploads\/2017\/10\/FSCN7206-nueva-768x598.jpg 768w, https:\/\/www.margaritamariamilagros.com\/wp-content\/uploads\/2017\/10\/FSCN7206-nueva.jpg 998w\" sizes=\"auto, 100vw\" \/><\/a>\n\t\t\t<\/div><\/figure><figure class='gallery-item'>\n\t\t\t<div class='gallery-icon landscape'>\n\t\t\t\t<a data-elementor-open-lightbox=\"yes\" data-elementor-lightbox-slideshow=\"1c7a8b6\" href='https:\/\/www.margaritamariamilagros.com\/wp-content\/uploads\/2017\/10\/DSCN7193-nueva.jpg'><img loading=\"lazy\" decoding=\"async\" width=\"300\" height=\"225\" src=\"https:\/\/www.margaritamariamilagros.com\/wp-content\/uploads\/2017\/10\/DSCN7193-nueva-300x225.jpg\" class=\"attachment-medium size-medium\" alt=\"\" srcset=\"https:\/\/www.margaritamariamilagros.com\/wp-content\/uploads\/2017\/10\/DSCN7193-nueva-300x225.jpg 300w, https:\/\/www.margaritamariamilagros.com\/wp-content\/uploads\/2017\/10\/DSCN7193-nueva-768x576.jpg 768w, https:\/\/www.margaritamariamilagros.com\/wp-content\/uploads\/2017\/10\/DSCN7193-nueva.jpg 998w\" sizes=\"auto, 100vw\" \/><\/a>\n\t\t\t<\/div><\/figure><figure class='gallery-item'>\n\t\t\t<div class='gallery-icon landscape'>\n\t\t\t\t<a data-elementor-open-lightbox=\"yes\" data-elementor-lightbox-slideshow=\"1c7a8b6\" href='https:\/\/www.margaritamariamilagros.com\/wp-content\/uploads\/2017\/10\/copy-2-nueva.jpg'><img loading=\"lazy\" decoding=\"async\" width=\"300\" height=\"231\" src=\"https:\/\/www.margaritamariamilagros.com\/wp-content\/uploads\/2017\/10\/copy-2-nueva-300x231.jpg\" class=\"attachment-medium size-medium\" alt=\"\" srcset=\"https:\/\/www.margaritamariamilagros.com\/wp-content\/uploads\/2017\/10\/copy-2-nueva-300x231.jpg 300w, https:\/\/www.margaritamariamilagros.com\/wp-content\/uploads\/2017\/10\/copy-2-nueva-768x591.jpg 768w, https:\/\/www.margaritamariamilagros.com\/wp-content\/uploads\/2017\/10\/copy-2-nueva-1024x788.jpg 1024w, https:\/\/www.margaritamariamilagros.com\/wp-content\/uploads\/2017\/10\/copy-2-nueva.jpg 1066w\" sizes=\"auto, 100vw\" \/><\/a>\n\t\t\t<\/div><\/figure>\n\t\t<\/div>\n\t\t<\/div>\n\t\t\t\t<\/div>\n\t\t\t\t<\/div>\n\t\t\t\t\t\t<\/div>\n\t\t\t\t\t<\/div>\n\t\t<\/div>\n\t\t\t\t\t\t\t\t<\/div>\n\t\t\t\t\t<\/div>\n\t\t<\/section>\n\t\t\t\t<section class=\"elementor-section elementor-top-section elementor-element elementor-element-dbf5caf elementor-section-boxed elementor-section-height-default elementor-section-height-default\" data-id=\"dbf5caf\" data-element_type=\"section\">\n\t\t\t\t\t\t<div class=\"elementor-container elementor-column-gap-default\">\n\t\t\t\t\t\t\t<div class=\"elementor-row\">\n\t\t\t\t\t<div class=\"elementor-column elementor-col-100 elementor-top-column elementor-element elementor-element-85cdfc5\" data-id=\"85cdfc5\" data-element_type=\"column\">\n\t\t\t<div class=\"elementor-column-wrap elementor-element-populated\">\n\t\t\t\t\t\t\t<div class=\"elementor-widget-wrap\">\n\t\t\t\t\t\t<div class=\"elementor-element elementor-element-5becbbb elementor-widget elementor-widget-text-editor\" data-id=\"5becbbb\" data-element_type=\"widget\" data-widget_type=\"text-editor.default\">\n\t\t\t\t<div class=\"elementor-widget-container\">\n\t\t\t\t\t<div class=\"elementor-text-editor elementor-clearfix\"><p><i>PRIMAVERA II<\/i><\/p>\n<p>Fotos: Juan Kiroga \/ Edici\u00f3n de fotos: Jos\u00e9 O. Hern\u00e1ndez @joseoriolh \/ Utrecht, Holanda, 2017.<\/p><\/div>\n\t\t\t\t<\/div>\n\t\t\t\t<\/div>\n\t\t\t\t\t\t<\/div>\n\t\t\t\t\t<\/div>\n\t\t<\/div>\n\t\t\t\t\t\t\t\t<\/div>\n\t\t\t\t\t<\/div>\n\t\t<\/section>\n\t\t\t\t<section class=\"elementor-section elementor-top-section elementor-element elementor-element-73d3868 elementor-section-boxed elementor-section-height-default elementor-section-height-default\" data-id=\"73d3868\" data-element_type=\"section\">\n\t\t\t\t\t\t<div class=\"elementor-container elementor-column-gap-default\">\n\t\t\t\t\t\t\t<div class=\"elementor-row\">\n\t\t\t\t\t<div class=\"elementor-column elementor-col-100 elementor-top-column elementor-element elementor-element-4c4c02c\" data-id=\"4c4c02c\" data-element_type=\"column\">\n\t\t\t<div class=\"elementor-column-wrap elementor-element-populated\">\n\t\t\t\t\t\t\t<div class=\"elementor-widget-wrap\">\n\t\t\t\t\t\t<div class=\"elementor-element elementor-element-c20951f elementor-widget elementor-widget-image-gallery\" data-id=\"c20951f\" data-element_type=\"widget\" data-widget_type=\"image-gallery.default\">\n\t\t\t\t<div class=\"elementor-widget-container\">\n\t\t\t\t\t<div class=\"elementor-image-gallery\">\n\t\t\t<div id='gallery-3' class='gallery galleryid-1832 gallery-columns-3 gallery-size-medium'><figure class='gallery-item'>\n\t\t\t<div class='gallery-icon portrait'>\n\t\t\t\t<a data-elementor-open-lightbox=\"yes\" data-elementor-lightbox-slideshow=\"c20951f\" href='https:\/\/www.margaritamariamilagros.com\/wp-content\/uploads\/2017\/10\/Secretos-1.jpg'><img loading=\"lazy\" decoding=\"async\" width=\"225\" height=\"300\" src=\"https:\/\/www.margaritamariamilagros.com\/wp-content\/uploads\/2017\/10\/Secretos-1-225x300.jpg\" class=\"attachment-medium size-medium\" alt=\"\" srcset=\"https:\/\/www.margaritamariamilagros.com\/wp-content\/uploads\/2017\/10\/Secretos-1-225x300.jpg 225w, https:\/\/www.margaritamariamilagros.com\/wp-content\/uploads\/2017\/10\/Secretos-1-768x1024.jpg 768w\" sizes=\"auto, 100vw\" \/><\/a>\n\t\t\t<\/div><\/figure><figure class='gallery-item'>\n\t\t\t<div class='gallery-icon portrait'>\n\t\t\t\t<a data-elementor-open-lightbox=\"yes\" data-elementor-lightbox-slideshow=\"c20951f\" href='https:\/\/www.margaritamariamilagros.com\/wp-content\/uploads\/2017\/10\/Secretos-2.jpg'><img loading=\"lazy\" decoding=\"async\" width=\"207\" height=\"300\" src=\"https:\/\/www.margaritamariamilagros.com\/wp-content\/uploads\/2017\/10\/Secretos-2-207x300.jpg\" class=\"attachment-medium size-medium\" alt=\"\" srcset=\"https:\/\/www.margaritamariamilagros.com\/wp-content\/uploads\/2017\/10\/Secretos-2-207x300.jpg 207w, https:\/\/www.margaritamariamilagros.com\/wp-content\/uploads\/2017\/10\/Secretos-2-768x1116.jpg 768w, https:\/\/www.margaritamariamilagros.com\/wp-content\/uploads\/2017\/10\/Secretos-2-705x1024.jpg 705w\" sizes=\"auto, 100vw\" \/><\/a>\n\t\t\t<\/div><\/figure><figure class='gallery-item'>\n\t\t\t<div class='gallery-icon portrait'>\n\t\t\t\t<a data-elementor-open-lightbox=\"yes\" data-elementor-lightbox-slideshow=\"c20951f\" href='https:\/\/www.margaritamariamilagros.com\/wp-content\/uploads\/2017\/10\/Secretos-4.jpg'><img loading=\"lazy\" decoding=\"async\" width=\"225\" height=\"300\" src=\"https:\/\/www.margaritamariamilagros.com\/wp-content\/uploads\/2017\/10\/Secretos-4-225x300.jpg\" class=\"attachment-medium size-medium\" alt=\"\" srcset=\"https:\/\/www.margaritamariamilagros.com\/wp-content\/uploads\/2017\/10\/Secretos-4-225x300.jpg 225w, https:\/\/www.margaritamariamilagros.com\/wp-content\/uploads\/2017\/10\/Secretos-4-768x1024.jpg 768w\" sizes=\"auto, 100vw\" \/><\/a>\n\t\t\t<\/div><\/figure>\n\t\t<\/div>\n\t\t<\/div>\n\t\t\t\t<\/div>\n\t\t\t\t<\/div>\n\t\t\t\t\t\t<\/div>\n\t\t\t\t\t<\/div>\n\t\t<\/div>\n\t\t\t\t\t\t\t\t<\/div>\n\t\t\t\t\t<\/div>\n\t\t<\/section>\n\t\t\t\t<section class=\"elementor-section elementor-top-section elementor-element elementor-element-fc9f49c elementor-section-boxed elementor-section-height-default elementor-section-height-default\" data-id=\"fc9f49c\" data-element_type=\"section\">\n\t\t\t\t\t\t<div class=\"elementor-container elementor-column-gap-default\">\n\t\t\t\t\t\t\t<div class=\"elementor-row\">\n\t\t\t\t\t<div class=\"elementor-column elementor-col-100 elementor-top-column elementor-element elementor-element-9525949\" data-id=\"9525949\" data-element_type=\"column\">\n\t\t\t<div class=\"elementor-column-wrap elementor-element-populated\">\n\t\t\t\t\t\t\t<div class=\"elementor-widget-wrap\">\n\t\t\t\t\t\t<div class=\"elementor-element elementor-element-f4e5d61 elementor-widget elementor-widget-text-editor\" data-id=\"f4e5d61\" data-element_type=\"widget\" data-widget_type=\"text-editor.default\">\n\t\t\t\t<div class=\"elementor-widget-container\">\n\t\t\t\t\t<div class=\"elementor-text-editor elementor-clearfix\"><p><span style=\"color: var( --e-global-color-text ); letter-spacing: 1.7px;\"><i>SECRETOS DE PRIMAVERA<\/i><\/span><\/p>\n<p><span style=\"color: var( --e-global-color-text ); letter-spacing: 1.7px;\">Fotos: Juan Kiroga \/ Edici\u00f3n de fotos: Jos\u00e9 O. Hern\u00e1ndez @joseoriolh \/ Utrecht, Holanda, 2017.<\/span><\/p><\/div>\n\t\t\t\t<\/div>\n\t\t\t\t<\/div>\n\t\t\t\t\t\t<\/div>\n\t\t\t\t\t<\/div>\n\t\t<\/div>\n\t\t\t\t\t\t\t\t<\/div>\n\t\t\t\t\t<\/div>\n\t\t<\/section>\n\t\t\t\t<section class=\"elementor-section elementor-top-section elementor-element elementor-element-5491515 elementor-section-boxed elementor-section-height-default elementor-section-height-default\" data-id=\"5491515\" data-element_type=\"section\">\n\t\t\t\t\t\t<div class=\"elementor-container elementor-column-gap-default\">\n\t\t\t\t\t\t\t<div class=\"elementor-row\">\n\t\t\t\t\t<div class=\"elementor-column elementor-col-100 elementor-top-column elementor-element elementor-element-427776c\" data-id=\"427776c\" data-element_type=\"column\">\n\t\t\t<div class=\"elementor-column-wrap elementor-element-populated\">\n\t\t\t\t\t\t\t<div class=\"elementor-widget-wrap\">\n\t\t\t\t\t\t<div class=\"elementor-element elementor-element-5aca209 elementor-aspect-ratio-169 elementor-widget elementor-widget-video\" data-id=\"5aca209\" data-element_type=\"widget\" data-settings=\"{&quot;aspect_ratio&quot;:&quot;169&quot;}\" data-widget_type=\"video.default\">\n\t\t\t\t<div class=\"elementor-widget-container\">\n\t\t\t\t\t<div class=\"elementor-wrapper elementor-fit-aspect-ratio elementor-open-inline\">\n\t\t\t<iframe class=\"elementor-video-iframe\" allowfullscreen title=\"youtube Video Player\" src=\"https:\/\/www.youtube.com\/embed\/w_uoCXOZIlY?feature=oembed&amp;start&amp;end&amp;wmode=opaque&amp;loop=0&amp;controls=1&amp;mute=0&amp;rel=0&amp;modestbranding=0\"><\/iframe>\t\t<\/div>\n\t\t\t\t<\/div>\n\t\t\t\t<\/div>\n\t\t\t\t\t\t<\/div>\n\t\t\t\t\t<\/div>\n\t\t<\/div>\n\t\t\t\t\t\t\t\t<\/div>\n\t\t\t\t\t<\/div>\n\t\t<\/section>\n\t\t\t\t<section class=\"elementor-section elementor-top-section elementor-element elementor-element-9f5ced0 elementor-section-boxed elementor-section-height-default elementor-section-height-default\" data-id=\"9f5ced0\" data-element_type=\"section\">\n\t\t\t\t\t\t<div class=\"elementor-container elementor-column-gap-default\">\n\t\t\t\t\t\t\t<div class=\"elementor-row\">\n\t\t\t\t\t<div class=\"elementor-column elementor-col-100 elementor-top-column elementor-element elementor-element-7306176\" data-id=\"7306176\" data-element_type=\"column\">\n\t\t\t<div class=\"elementor-column-wrap elementor-element-populated\">\n\t\t\t\t\t\t\t<div class=\"elementor-widget-wrap\">\n\t\t\t\t\t\t<div class=\"elementor-element elementor-element-113444b elementor-widget elementor-widget-text-editor\" data-id=\"113444b\" data-element_type=\"widget\" data-widget_type=\"text-editor.default\">\n\t\t\t\t<div class=\"elementor-widget-container\">\n\t\t\t\t\t<div class=\"elementor-text-editor elementor-clearfix\"><p><span style=\"color: var( --e-global-color-text ); letter-spacing: 1.7px;\"><i>SECRETOS DE PRIMAVERA<\/i><\/span><\/p>\n<p><span style=\"color: var( --e-global-color-text ); letter-spacing: 1.7px;\">&nbsp;Performance, direcci\u00f3n, vestuario y edici\u00f3n: Margarita Mar\u00eda Milagros<\/span><span style=\"color: var( --e-global-color-text ); letter-spacing: 1.7px;\">\/&nbsp;<\/span><span style=\"letter-spacing: 1.7px; color: var( --e-global-color-text );\">Video y m\u00fasica: Juan Kiroga\/&nbsp;<\/span><span style=\"color: var( --e-global-color-text ); letter-spacing: 1.7px;\">Bogot\u00e1,Colombia, 2021 \/&nbsp;<\/span><span style=\"color: var( --e-global-color-text ); letter-spacing: 1.7px;\">Exhibici\u00f3n en la exposici\u00f3n&nbsp;<\/span><i style=\"color: var( --e-global-color-text ); letter-spacing: 1.7px;\">Art.\u00c9cran<\/i><span style=\"color: var( --e-global-color-text ); letter-spacing: 1.7px;\">&nbsp;<\/span><i style=\"color: var( --e-global-color-text ); letter-spacing: 1.7px;\">\u00e0 la Place de la Cr\u00e9ation&nbsp;<\/i><span style=\"color: var( --e-global-color-text ); letter-spacing: 1.7px;\">\/ Montr\u00e9al, Canad\u00e1, 2022.<\/span><\/p><\/div>\n\t\t\t\t<\/div>\n\t\t\t\t<\/div>\n\t\t\t\t\t\t<\/div>\n\t\t\t\t\t<\/div>\n\t\t<\/div>\n\t\t\t\t\t\t\t\t<\/div>\n\t\t\t\t\t<\/div>\n\t\t<\/section>\n\t\t\t\t\t\t<\/div>\n\t\t\t\t\t\t<\/div>\n\t\t\t\t\t<\/div>\n\t\t","protected":false},"excerpt":{"rendered":"<p>PRIMAVERA I Fotos: Juan Kiroga \/ Edici\u00f3n de fotos: Jos\u00e9 O. Hern\u00e1ndez @joseoriolh \/ Utrecht, Holanda, 2017. PRIMAVERA II Fotos: Juan Kiroga \/ Edici\u00f3n de fotos: Jos\u00e9 O. Hern\u00e1ndez @joseoriolh \/ Utrecht, Holanda, 2017. SECRETOS DE PRIMAVERA Fotos: Juan Kiroga \/ Edici\u00f3n de fotos: Jos\u00e9 O. Hern\u00e1ndez @joseoriolh \/ Utrecht, Holanda, 2017. https:\/\/www.youtube.com\/watch?v=w_uoCXOZIlY SECRETOS DE &hellip; <\/p>\n<p class=\"link-more\"><a href=\"https:\/\/www.margaritamariamilagros.com\/?page_id=1832&#038;lang=es\" class=\"more-link\">Continue reading<span class=\"screen-reader-text\"> &#8220;Primavera&#8221;<\/span><\/a><\/p>\n","protected":false},"author":1,"featured_media":0,"parent":0,"menu_order":0,"comment_status":"closed","ping_status":"closed","template":"","meta":{"footnotes":""},"class_list":["post-1832","page","type-page","status-publish","hentry"],"_links":{"self":[{"href":"https:\/\/www.margaritamariamilagros.com\/index.php?rest_route=\/wp\/v2\/pages\/1832","targetHints":{"allow":["GET"]}}],"collection":[{"href":"https:\/\/www.margaritamariamilagros.com\/index.php?rest_route=\/wp\/v2\/pages"}],"about":[{"href":"https:\/\/www.margaritamariamilagros.com\/index.php?rest_route=\/wp\/v2\/types\/page"}],"author":[{"embeddable":true,"href":"https:\/\/www.margaritamariamilagros.com\/index.php?rest_route=\/wp\/v2\/users\/1"}],"replies":[{"embeddable":true,"href":"https:\/\/www.margaritamariamilagros.com\/index.php?rest_route=%2Fwp%2Fv2%2Fcomments&post=1832"}],"version-history":[{"count":5,"href":"https:\/\/www.margaritamariamilagros.com\/index.php?rest_route=\/wp\/v2\/pages\/1832\/revisions"}],"predecessor-version":[{"id":2014,"href":"https:\/\/www.margaritamariamilagros.com\/index.php?rest_route=\/wp\/v2\/pages\/1832\/revisions\/2014"}],"wp:attachment":[{"href":"https:\/\/www.margaritamariamilagros.com\/index.php?rest_route=%2Fwp%2Fv2%2Fmedia&parent=1832"}],"curies":[{"name":"wp","href":"https:\/\/api.w.org\/{rel}","templated":true}]}}